{"id":1368,"date":"2026-02-02T13:46:05","date_gmt":"2026-02-02T12:46:05","guid":{"rendered":"https:\/\/freeling.pl\/?page_id=1368"},"modified":"2026-02-02T13:46:05","modified_gmt":"2026-02-02T12:46:05","slug":"regulamin-grantow-szkoleniowych","status":"publish","type":"page","link":"https:\/\/freeling.pl\/en\/regulamin-grantow-szkoleniowych\/","title":{"rendered":"Regulamin grant\u00f3w szkoleniowych"},"content":{"rendered":"<p>[et_pb_section fb_built=&#8221;1&#8243; custom_padding_last_edited=&#8221;on|phone&#8221; _builder_version=&#8221;4.27.5&#8243; _module_preset=&#8221;default&#8221; background_color=&#8221;#FFFFFF&#8221; custom_padding=&#8221;8px||121px||false|false&#8221; custom_padding_tablet=&#8221;||121px||false|false&#8221; custom_padding_phone=&#8221;||80px||false|false&#8221; bottom_divider_height=&#8221;130px&#8221; bottom_divider_repeat=&#8221;1x&#8221; bottom_divider_height_tablet=&#8221;130px&#8221; bottom_divider_height_phone=&#8221;80px&#8221; bottom_divider_height_last_edited=&#8221;on|desktop&#8221; global_colors_info=&#8221;{}&#8221;][et_pb_row _builder_version=&#8221;4.27.5&#8243; _module_preset=&#8221;default&#8221; global_colors_info=&#8221;{}&#8221;][et_pb_column type=&#8221;4_4&#8243; _builder_version=&#8221;4.27.4&#8243; _module_preset=&#8221;default&#8221; global_colors_info=&#8221;{}&#8221;][et_pb_image src=&#8221;https:\/\/freeling.pl\/wp-content\/uploads\/2025\/10\/trzy-kropki.png&#8221; title_text=&#8221;trzy kropki&#8221; align=&#8221;center&#8221; _builder_version=&#8221;4.27.4&#8243; _module_preset=&#8221;default&#8221; global_colors_info=&#8221;{}&#8221;][\/et_pb_image][et_pb_text _builder_version=&#8221;4.27.5&#8243; _module_preset=&#8221;default&#8221; header_text_align=&#8221;center&#8221; header_2_text_align=&#8221;center&#8221; header_2_font_size=&#8221;24px&#8221; custom_margin=&#8221;||11px|||&#8221; hover_enabled=&#8221;0&#8243; global_colors_info=&#8221;{}&#8221; sticky_enabled=&#8221;0&#8243;]<\/p>\n<h1><b>Regulamin grant\u00f3w szkoleniowych<\/b><\/h1>\n<p>[\/et_pb_text][et_pb_text _builder_version=&#8221;4.27.5&#8243; _module_preset=&#8221;default&#8221; text_font_size=&#8221;18px&#8221; text_line_height=&#8221;1.9em&#8221; ul_line_height=&#8221;2.2em&#8221; ol_line_height=&#8221;2.4em&#8221; width_tablet=&#8221;90%&#8221; width_phone=&#8221;90%&#8221; width_last_edited=&#8221;off|desktop&#8221; module_alignment=&#8221;center&#8221; hover_enabled=&#8221;0&#8243; global_colors_info=&#8221;{}&#8221; sticky_enabled=&#8221;0&#8243;]Fundacja FreeLING przyznaje studentom granty szkoleniowe na wybrane szkolenia. Umo\u017cliwiaj\u0105 one bezp\u0142atny udzia\u0142 w ca\u0142ym wydarzeniu lub wybranej jego cz\u0119\u015bci.<\/p>\n<p>Niniejszy regulamin zawiera zasady ubiegania si\u0119 o grant szkoleniowy oraz jego przyznawania.<br \/>\n[\/et_pb_text][\/et_pb_column][\/et_pb_row][et_pb_row _builder_version=&#8221;4.27.5&#8243; _module_preset=&#8221;default&#8221; global_colors_info=&#8221;{}&#8221;][et_pb_column type=&#8221;4_4&#8243; _builder_version=&#8221;4.27.4&#8243; _module_preset=&#8221;default&#8221; global_colors_info=&#8221;{}&#8221;][et_pb_text _builder_version=&#8221;4.27.5&#8243; _module_preset=&#8221;default&#8221; header_text_align=&#8221;center&#8221; header_2_text_align=&#8221;center&#8221; header_2_font_size=&#8221;24px&#8221; custom_margin=&#8221;||11px|||&#8221; hover_enabled=&#8221;0&#8243; global_colors_info=&#8221;{}&#8221; sticky_enabled=&#8221;0&#8243;]<\/p>\n<h2> Beneficjenci <\/h2>\n<p>[\/et_pb_text][et_pb_text _builder_version=&#8221;4.27.5&#8243; _module_preset=&#8221;default&#8221; text_font_size=&#8221;18px&#8221; text_line_height=&#8221;1.9em&#8221; ul_line_height=&#8221;2.2em&#8221; ol_line_height=&#8221;2.4em&#8221; width_tablet=&#8221;90%&#8221; width_phone=&#8221;90%&#8221; width_last_edited=&#8221;off|desktop&#8221; module_alignment=&#8221;center&#8221; hover_enabled=&#8221;0&#8243; global_colors_info=&#8221;{}&#8221; sticky_enabled=&#8221;0&#8243;]<\/p>\n<p>O grant szkoleniowy mog\u0105 ubiega\u0107 si\u0119:<\/p>\n<ul>\n<li>studenci studi\u00f3w magisterskich kierunk\u00f3w lingwistycznych, filologicznych lub translatorskich;<\/li>\n<li>studenci studi\u00f3w magisterskich innych kierunk\u00f3w, kt\u00f3rzy w przekonuj\u0105cy spos\u00f3b uzasadni\u0105 swoje zainteresowanie t\u0142umaczeniami.<\/li>\n<\/ul>\n<p>[\/et_pb_text][\/et_pb_column][\/et_pb_row][et_pb_row _builder_version=&#8221;4.27.5&#8243; _module_preset=&#8221;default&#8221; global_colors_info=&#8221;{}&#8221;][et_pb_column type=&#8221;4_4&#8243; _builder_version=&#8221;4.27.4&#8243; _module_preset=&#8221;default&#8221; global_colors_info=&#8221;{}&#8221;][et_pb_text _builder_version=&#8221;4.27.5&#8243; _module_preset=&#8221;default&#8221; header_text_align=&#8221;center&#8221; header_2_text_align=&#8221;center&#8221; header_2_font_size=&#8221;24px&#8221; header_3_font=&#8221;|700|||||||&#8221; header_3_text_align=&#8221;center&#8221; custom_margin=&#8221;||11px|||&#8221; hover_enabled=&#8221;0&#8243; global_colors_info=&#8221;{}&#8221; sticky_enabled=&#8221;0&#8243;]<\/p>\n<h2> Og\u0142oszenie informacji o grantach <\/h2>\n<p>[\/et_pb_text][et_pb_text _builder_version=&#8221;4.27.5&#8243; _module_preset=&#8221;default&#8221; text_font_size=&#8221;18px&#8221; text_line_height=&#8221;1.9em&#8221; ul_line_height=&#8221;2.2em&#8221; ol_line_height=&#8221;2.4em&#8221; width_tablet=&#8221;90%&#8221; width_phone=&#8221;90%&#8221; width_last_edited=&#8221;off|desktop&#8221; module_alignment=&#8221;center&#8221; custom_margin=&#8221;||31px|||&#8221; hover_enabled=&#8221;0&#8243; global_colors_info=&#8221;{}&#8221; sticky_enabled=&#8221;0&#8243;]Informacje o grantach b\u0119d\u0105 umieszczane na stronie internetowej Fundacji FreeLING w zak\u0142adce Szkolenia\/Granty szkoleniowe oraz w Informatorze wydawanym przez Fundacj\u0119. Informacje te b\u0119d\u0105 tak\u017ce umieszczane w programach poszczeg\u00f3lnych szkole\u0144.[\/et_pb_text][\/et_pb_column][\/et_pb_row][et_pb_row _builder_version=&#8221;4.27.5&#8243; _module_preset=&#8221;default&#8221; global_colors_info=&#8221;{}&#8221;][et_pb_column type=&#8221;4_4&#8243; _builder_version=&#8221;4.27.4&#8243; _module_preset=&#8221;default&#8221; global_colors_info=&#8221;{}&#8221;][et_pb_text _builder_version=&#8221;4.27.5&#8243; _module_preset=&#8221;default&#8221; header_text_align=&#8221;center&#8221; header_2_text_align=&#8221;center&#8221; header_2_font_size=&#8221;24px&#8221; header_3_font=&#8221;|700|||||||&#8221; header_3_text_align=&#8221;center&#8221; custom_margin=&#8221;||11px|||&#8221; hover_enabled=&#8221;0&#8243; global_colors_info=&#8221;{}&#8221; sticky_enabled=&#8221;0&#8243;]<\/p>\n<h2> Wniosek <\/h2>\n<p>[\/et_pb_text][et_pb_text _builder_version=&#8221;4.27.5&#8243; _module_preset=&#8221;default&#8221; text_font_size=&#8221;18px&#8221; text_line_height=&#8221;1.9em&#8221; ul_line_height=&#8221;2.2em&#8221; ol_line_height=&#8221;2.4em&#8221; width_tablet=&#8221;90%&#8221; width_phone=&#8221;90%&#8221; width_last_edited=&#8221;off|desktop&#8221; module_alignment=&#8221;center&#8221; custom_margin=&#8221;||25px|||&#8221; hover_enabled=&#8221;0&#8243; global_colors_info=&#8221;{}&#8221; sticky_enabled=&#8221;0&#8243;]<\/p>\n<p>Wniosek o przyznanie grantu nale\u017cy przesy\u0142a\u0107 drog\u0105 mailow\u0105 na adres <strong><a href=\"mailto:info@freeling.pl\">info@freeling.pl,<\/a><\/strong> w tytule wiadomo\u015bci wpisuj\u0105c \u201ewniosek o grant &#8211; [dok\u0142adna nazwa szkolenia, kt\u00f3rego dotyczy wniosek]\u201d.<br \/>Wiadomo\u015b\u0107 powinna zawiera\u0107:<\/p>\n<ul>\n<li>imi\u0119 i nazwisko kandydata;<\/li>\n<li>kierunek studi\u00f3w;<\/li>\n<li>rok studi\u00f3w;<\/li>\n<li>jednostk\u0119 akademick\u0105;<\/li>\n<li>klauzul\u0119: \u201eWyra\u017cam zgod\u0119 na przetwarzanie moich danych osobowych dla potrzeb niezb\u0119dnych do przyznania grantu szkoleniowego (zgodnie z Ustaw\u0105 z dnia 29.08.1997 roku o Ochronie Danych Osobowych; tekst jednolity: Dz. U. z 2002r. Nr 101, poz. 926 ze zm.).\u201d<\/li>\n<\/ul>\n<p>Do wiadomo\u015bci nale\u017cy za\u0142\u0105czy\u0107:<\/p>\n<ul>\n<li>list motywacyjny kandydata;<\/li>\n<li>list polecaj\u0105cy z opini\u0105 promotora, wyk\u0142adowcy lub opiekuna naukowego; list powinien zawiera\u0107 dane kontaktowe do osoby polecaj\u0105cej.<\/li>\n<\/ul>\n<p>[\/et_pb_text][\/et_pb_column][\/et_pb_row][et_pb_row _builder_version=&#8221;4.27.5&#8243; _module_preset=&#8221;default&#8221; global_colors_info=&#8221;{}&#8221;][et_pb_column type=&#8221;4_4&#8243; _builder_version=&#8221;4.27.4&#8243; _module_preset=&#8221;default&#8221; global_colors_info=&#8221;{}&#8221;][et_pb_text _builder_version=&#8221;4.27.5&#8243; _module_preset=&#8221;default&#8221; header_text_align=&#8221;center&#8221; header_2_text_align=&#8221;center&#8221; header_2_font_size=&#8221;24px&#8221; header_3_font=&#8221;|700|||||||&#8221; header_3_text_align=&#8221;center&#8221; custom_margin=&#8221;||11px|||&#8221; hover_enabled=&#8221;0&#8243; global_colors_info=&#8221;{}&#8221; sticky_enabled=&#8221;0&#8243;]<\/p>\n<h2> Zasady wyboru kandydat\u00f3w <\/h2>\n<p>[\/et_pb_text][et_pb_text _builder_version=&#8221;4.27.5&#8243; _module_preset=&#8221;default&#8221; text_font_size=&#8221;18px&#8221; text_line_height=&#8221;1.9em&#8221; ul_line_height=&#8221;2.2em&#8221; ol_line_height=&#8221;2.4em&#8221; width_tablet=&#8221;90%&#8221; width_phone=&#8221;90%&#8221; width_last_edited=&#8221;off|desktop&#8221; module_alignment=&#8221;center&#8221; custom_margin=&#8221;||-3px|||&#8221; hover_enabled=&#8221;0&#8243; global_colors_info=&#8221;{}&#8221; sticky_enabled=&#8221;0&#8243;]<\/p>\n<p>Spo\u015br\u00f3d kandydat\u00f3w Zarz\u0105d Fundacji wybierze osoby, kt\u00f3re zostan\u0105 zaproszone na szkolenie.<\/p>\n<p>Przy przyznawaniu grant\u00f3w Zarz\u0105d Fundacji bierze pod uwag\u0119 nast\u0119puj\u0105ce czynniki:<br \/>1. kolejno\u015b\u0107 zg\u0142osze\u0144;<br \/>2. motywacj\u0119 kandydata;<br \/>3. opini\u0119 promotora, wyk\u0142adowcy lub opiekuna naukowego.<\/p>\n<p>Kandydaci mog\u0105 skorzysta\u0107 z grantu szkoleniowego na dany rodzaj szkolenia tylko raz w roku kalendarzowym (mog\u0105 np. tylko raz bra\u0107 bezp\u0142atnie udzia\u0142 w warsztatach terminologicznych i\u00a0tylko raz w wyk\u0142adzie prawniczym).<\/p>\n<p>[\/et_pb_text][\/et_pb_column][\/et_pb_row][et_pb_row _builder_version=&#8221;4.27.5&#8243; _module_preset=&#8221;default&#8221; global_colors_info=&#8221;{}&#8221;][et_pb_column type=&#8221;4_4&#8243; _builder_version=&#8221;4.27.4&#8243; _module_preset=&#8221;default&#8221; global_colors_info=&#8221;{}&#8221;][et_pb_text _builder_version=&#8221;4.27.5&#8243; _module_preset=&#8221;default&#8221; header_text_align=&#8221;center&#8221; header_2_text_align=&#8221;center&#8221; header_2_font_size=&#8221;24px&#8221; header_3_font=&#8221;|700|||||||&#8221; header_3_text_align=&#8221;center&#8221; custom_margin=&#8221;||11px|||&#8221; hover_enabled=&#8221;0&#8243; global_colors_info=&#8221;{}&#8221; sticky_enabled=&#8221;0&#8243;]<\/p>\n<h2> Informacje <\/h2>\n<p>[\/et_pb_text][et_pb_text _builder_version=&#8221;4.27.5&#8243; _module_preset=&#8221;default&#8221; text_font_size=&#8221;18px&#8221; text_line_height=&#8221;1.9em&#8221; ul_line_height=&#8221;2.2em&#8221; ol_line_height=&#8221;2.4em&#8221; width_tablet=&#8221;90%&#8221; width_phone=&#8221;90%&#8221; width_last_edited=&#8221;off|desktop&#8221; module_alignment=&#8221;center&#8221; custom_margin=&#8221;||11px|||&#8221; hover_enabled=&#8221;0&#8243; global_colors_info=&#8221;{}&#8221; sticky_enabled=&#8221;0&#8243;]<\/p>\n<p>Wszelkie pytania dotycz\u0105ce grant\u00f3w szkoleniowych Fundacji FreeLING mo\u017cna kierowa\u0107 na adres mailowy <strong><a href=\"mailto:info@freeling.pl\">info@freeling.pl<\/a><\/strong>.<\/p>\n<p>Fundacja FreeLING zastrzega sobie prawo do wycofania grant\u00f3w i zmiany zasad ich przyznawania w ka\u017cdej chwili.<\/p>\n<p>[\/et_pb_text][\/et_pb_column][\/et_pb_row][\/et_pb_section]<\/p>\n","protected":false},"excerpt":{"rendered":"<p>Regulamin grant\u00f3w szkoleniowychFundacja FreeLING przyznaje studentom granty szkoleniowe na wybrane szkolenia. Umo\u017cliwiaj\u0105 one bezp\u0142atny udzia\u0142 w ca\u0142ym wydarzeniu lub wybranej jego cz\u0119\u015bci. Niniejszy regulamin zawiera zasady ubiegania si\u0119 o grant szkoleniowy oraz jego przyznawania. Beneficjenci O grant szkoleniowy mog\u0105 ubiega\u0107 si\u0119: studenci studi\u00f3w magisterskich kierunk\u00f3w lingwistycznych, filologicznych lub translatorskich; studenci studi\u00f3w magisterskich innych kierunk\u00f3w, kt\u00f3rzy [&hellip;]<\/p>\n","protected":false},"author":2,"featured_media":0,"parent":0,"menu_order":0,"comment_status":"closed","ping_status":"closed","template":"","meta":{"_et_pb_use_builder":"on","_et_pb_old_content":"","_et_gb_content_width":"","footnotes":""},"class_list":["post-1368","page","type-page","status-publish","hentry"],"_links":{"self":[{"href":"https:\/\/freeling.pl\/en\/wp-json\/wp\/v2\/pages\/1368","targetHints":{"allow":["GET"]}}],"collection":[{"href":"https:\/\/freeling.pl\/en\/wp-json\/wp\/v2\/pages"}],"about":[{"href":"https:\/\/freeling.pl\/en\/wp-json\/wp\/v2\/types\/page"}],"author":[{"embeddable":true,"href":"https:\/\/freeling.pl\/en\/wp-json\/wp\/v2\/users\/2"}],"replies":[{"embeddable":true,"href":"https:\/\/freeling.pl\/en\/wp-json\/wp\/v2\/comments?post=1368"}],"version-history":[{"count":3,"href":"https:\/\/freeling.pl\/en\/wp-json\/wp\/v2\/pages\/1368\/revisions"}],"predecessor-version":[{"id":1371,"href":"https:\/\/freeling.pl\/en\/wp-json\/wp\/v2\/pages\/1368\/revisions\/1371"}],"wp:attachment":[{"href":"https:\/\/freeling.pl\/en\/wp-json\/wp\/v2\/media?parent=1368"}],"curies":[{"name":"wp","href":"https:\/\/api.w.org\/{rel}","templated":true}]}}